{"id":2,"date":"2009-10-21T14:49:59","date_gmt":"2009-10-21T12:49:59","guid":{"rendered":"http:\/\/www.staklar.hr\/?page_id=2"},"modified":"2009-10-28T22:19:46","modified_gmt":"2009-10-28T20:19:46","slug":"about","status":"publish","type":"page","link":"https:\/\/staklar.hr\/?page_id=2","title":{"rendered":"Profil obrtnika"},"content":{"rendered":"<p style=\"text-align: justify;\"><img loading=\"lazy\" decoding=\"async\" title=\"Miroslav Kolesari\u0107\" src=\"http:\/\/www.staklar.hr\/wp-content\/uploads\/2009\/10\/miroslavk.jpg\" alt=\"Miroslav Kolesari\u0107\" width=\"285\" height=\"158\" align=\"left\" \/><\/p>\n<p style=\"text-align: justify;\">Miroslav Kolesari\u0107 ro\u0111en je  1966. godine u Virovitici gdje zavr\u0161ava   osnovnu i srednju \u0161kolu. Po zavr\u0161etku  IV. stupanja elektro smjera za RTV tehni\u010dara u \u0110ur\u0111evcu, upisao je  trgova\u010dki smjer, a nakon toga uslijedila je  prekvalifikacija za gra\u0111evinskog staklara.<\/p>\n<p style=\"text-align: justify;\"><strong> <\/strong><\/p>\n<p style=\"text-align: justify;\">Miroslav je staklarski obrt otvorio  davne 1993. godine, i sve do 2007. godine radi u iznajmljenom lokalu, a potom seli u vlastiti\u00a0 poslovni prostor gdje se svakodnevno bavi  oblikovanjem i obradom ravnog stakla, ostakljivanjem i uramljivanjem slika, fotografija, postavljanjem stakla u interijerima. Na poziv telefonom ili po dogovoru izlazi na teren i rje\u0161ava sve povjerene poslove i zada\u0107e,  koje nije mogu\u0107e napraviti u lokalu.<\/p>\n<p style=\"text-align: justify;\">Dugogodi\u0161nje iskustvo i ozbiljan pristup poslu, te bogata ponuda stakla, okvira  i  opreme \u010dine ovu obrtni\u010dku radnju nezaobilaznim mjestom  za ostvarenje svih staklarskih problema i ciljeva.<\/p>\n","protected":false},"excerpt":{"rendered":"<p>Miroslav Kolesari\u0107 ro\u0111en je 1966. godine u Virovitici gdje zavr\u0161ava osnovnu i srednju \u0161kolu. Po zavr\u0161etku IV. stupanja elektro smjera za RTV tehni\u010dara u \u0110ur\u0111evcu, upisao je trgova\u010dki smjer, a nakon toga uslijedila je prekvalifikacija za gra\u0111evinskog staklara. Miroslav je staklarski obrt otvorio davne 1993. godine, i sve do 2007. godine radi u iznajmljenom lokalu, [&hellip;]<\/p>\n","protected":false},"author":2,"featured_media":0,"parent":0,"menu_order":0,"comment_status":"closed","ping_status":"closed","template":"","meta":{"footnotes":""},"_links":{"self":[{"href":"https:\/\/staklar.hr\/index.php?rest_route=\/wp\/v2\/pages\/2"}],"collection":[{"href":"https:\/\/staklar.hr\/index.php?rest_route=\/wp\/v2\/pages"}],"about":[{"href":"https:\/\/staklar.hr\/index.php?rest_route=\/wp\/v2\/types\/page"}],"author":[{"embeddable":true,"href":"https:\/\/staklar.hr\/index.php?rest_route=\/wp\/v2\/users\/2"}],"replies":[{"embeddable":true,"href":"https:\/\/staklar.hr\/index.php?rest_route=%2Fwp%2Fv2%2Fcomments&post=2"}],"version-history":[{"count":0,"href":"https:\/\/staklar.hr\/index.php?rest_route=\/wp\/v2\/pages\/2\/revisions"}],"wp:attachment":[{"href":"https:\/\/staklar.hr\/index.php?rest_route=%2Fwp%2Fv2%2Fmedia&parent=2"}],"curies":[{"name":"wp","href":"https:\/\/api.w.org\/{rel}","templated":true}]}}